{"id":2400,"date":"2018-01-23T07:28:57","date_gmt":"2018-01-23T07:28:57","guid":{"rendered":"http:\/\/www.metroplast.com.tr\/recycling\/"},"modified":"2018-01-23T09:39:20","modified_gmt":"2018-01-23T09:39:20","slug":"recycling","status":"publish","type":"page","link":"https:\/\/www.metroplast.com.tr\/en\/recycling\/","title":{"rendered":"Recycling"},"content":{"rendered":"<p><div class=\"fusion-fullwidth fullwidth-box fusion-builder-row-1 fusion-flex-container nonhundred-percent-fullwidth non-hundred-percent-height-scrolling\" style=\"--awb-background-position:left top;--awb-border-radius-top-left:0px;--awb-border-radius-top-right:0px;--awb-border-radius-bottom-right:0px;--awb-border-radius-bottom-left:0px;--awb-padding-top:0px;--awb-padding-bottom:20px;--awb-border-sizes-top:0px;--awb-border-sizes-bottom:0px;--awb-flex-wrap:wrap;\" ><div class=\"fusion-builder-row fusion-row fusion-flex-align-items-flex-start fusion-flex-content-wrap\" style=\"max-width:calc( 1100px + 0px );margin-left: calc(-0px \/ 2 );margin-right: calc(-0px \/ 2 );\"><div class=\"fusion-layout-column fusion_builder_column fusion-builder-column-0 fusion_builder_column_1_1 1_1 fusion-flex-column fusion-flex-align-self-flex-start fusion-column-no-min-height\" style=\"--awb-bg-size:cover;--awb-width-large:100%;--awb-margin-top-large:0px;--awb-spacing-right-large:0px;--awb-margin-bottom-large:0px;--awb-spacing-left-large:0px;--awb-width-medium:100%;--awb-spacing-right-medium:0px;--awb-spacing-left-medium:0px;--awb-width-small:100%;--awb-spacing-right-small:0px;--awb-spacing-left-small:0px;\"><div class=\"fusion-column-wrapper fusion-flex-justify-content-flex-start fusion-content-layout-column\"><div class=\"fusion-title title fusion-title-1 sep-underline sep-solid fusion-title-text fusion-title-size-one\"><h1 class=\"fusion-title-heading title-heading-left\" style=\"margin:0;\">RECYCLING<\/h1><\/div><div class=\"fusion-text fusion-text-1\"><p>Recycling is one of the indispensable and major factor for all living creatures for sustainability and preserving raw materials . Although benefits of recycling in general is well known by many people\/companies , the depths of this process are subtle and mostly ignored. As Metroplast , since 1996 ,we have the honor of recycling 2000 tons\/month plastic scrap for the nature with our 3 high technological extrusion line .<\/p>\n<\/div><\/div><\/div><\/div><\/div><div class=\"fusion-fullwidth fullwidth-box fusion-builder-row-2 fusion-flex-container nonhundred-percent-fullwidth non-hundred-percent-height-scrolling\" style=\"--awb-background-position:left top;--awb-border-radius-top-left:0px;--awb-border-radius-top-right:0px;--awb-border-radius-bottom-right:0px;--awb-border-radius-bottom-left:0px;--awb-padding-top:50px;--awb-padding-bottom:50px;--awb-border-sizes-top:0px;--awb-border-sizes-bottom:0px;--awb-flex-wrap:wrap;\" ><div class=\"fusion-builder-row fusion-row fusion-flex-align-items-flex-start fusion-flex-content-wrap\" style=\"max-width:calc( 1100px + 0px );margin-left: calc(-0px \/ 2 );margin-right: calc(-0px \/ 2 );\"><div class=\"fusion-layout-column fusion_builder_column fusion-builder-column-1 fusion_builder_column_1_1 1_1 fusion-flex-column fusion-flex-align-self-flex-start fusion-column-no-min-height\" style=\"--awb-bg-size:cover;--awb-width-large:100%;--awb-margin-top-large:0px;--awb-spacing-right-large:0px;--awb-margin-bottom-large:0px;--awb-spacing-left-large:0px;--awb-width-medium:100%;--awb-spacing-right-medium:0px;--awb-spacing-left-medium:0px;--awb-width-small:100%;--awb-spacing-right-small:0px;--awb-spacing-left-small:0px;\"><div class=\"fusion-column-wrapper fusion-flex-justify-content-flex-start fusion-content-layout-column\"><div class=\"fusion-section-separator section-separator triangle fusion-section-separator-1\" style=\"--awb-border:2px solid #dd3333;--awb-spacer-height:calc( 2px * 2 );--awb-svg-margin-left:0px;--awb-svg-margin-right:0px;--awb-svg-margin-left-medium:0px;--awb-svg-margin-right-medium:0px;--awb-svg-margin-left-small:0px;--awb-svg-margin-right-small:0px;--awb-icon-color:#0a0000;\"><div class=\"fusion-section-separator-svg\"><div class=\"section-separator-icon icon fa fa-picture-o\" aria-hidden=\"true\"><\/div><div class=\"divider-candy both\" style=\"background-color:#f6f6f6;border:1px solid #dd3333;\"><\/div><\/div><div class=\"fusion-section-separator-spacer\"><div class=\"fusion-section-separator-spacer-height\"><\/div><\/div><\/div><\/div><\/div><\/div><\/div><div class=\"fusion-fullwidth fullwidth-box fusion-builder-row-3 fusion-flex-container nonhundred-percent-fullwidth non-hundred-percent-height-scrolling\" style=\"--awb-background-position:left top;--awb-border-radius-top-left:0px;--awb-border-radius-top-right:0px;--awb-border-radius-bottom-right:0px;--awb-border-radius-bottom-left:0px;--awb-padding-top:20px;--awb-padding-bottom:20px;--awb-border-sizes-top:0px;--awb-border-sizes-bottom:0px;--awb-flex-wrap:wrap;\" ><div class=\"fusion-builder-row fusion-row fusion-flex-align-items-flex-start fusion-flex-content-wrap\" style=\"max-width:calc( 1100px + 0px );margin-left: calc(-0px \/ 2 );margin-right: calc(-0px \/ 2 );\"><div class=\"fusion-layout-column fusion_builder_column fusion-builder-column-2 fusion_builder_column_1_1 1_1 fusion-flex-column fusion-flex-align-self-flex-start fusion-column-no-min-height\" style=\"--awb-bg-size:cover;--awb-width-large:100%;--awb-margin-top-large:0px;--awb-spacing-right-large:0px;--awb-margin-bottom-large:0px;--awb-spacing-left-large:0px;--awb-width-medium:100%;--awb-spacing-right-medium:0px;--awb-spacing-left-medium:0px;--awb-width-small:100%;--awb-spacing-right-small:0px;--awb-spacing-left-small:0px;\"><div class=\"fusion-column-wrapper fusion-flex-justify-content-flex-start fusion-content-layout-column\"><div class=\"fusion-image-carousel fusion-image-carousel-fixed fusion-image-carousel-1 lightbox-enabled\"><div class=\"awb-carousel awb-swiper awb-swiper-carousel awb-carousel--carousel awb-swiper-dots-position-bottom\" data-layout=\"carousel\" data-autoplay=\"no\" data-autoplayspeed=\"2500\" data-autoplaypause=\"no\" data-columns=\"5\" data-columnsmedium=\"1\" data-columnssmall=\"1\" data-itemmargin=\"13\" data-itemwidth=\"180\" data-touchscroll=\"no\" data-freemode=\"no\" data-imagesize=\"fixed\" data-scrollitems=\"0\" data-centeredslides=\"no\" data-rotationangle=\"50\" data-depth=\"100\" data-speed=\"500\" data-shadow=\"no\" data-pagination=\"bullets\"><div class=\"swiper-wrapper awb-image-carousel-wrapper fusion-flex-align-items-center\"><div class=\"swiper-slide\"><div class=\"fusion-carousel-item-wrapper\"><div class=\"fusion-image-wrapper hover-type-none\"><a data-rel=\"iLightbox[image_carousel_1]\" href=\"http:\/\/www.metroplast.com.tr\/wp-content\/uploads\/2014\/12\/LDPE-film-roll-hurda.jpg\" target=\"_self\"><img decoding=\"async\" src=\"http:\/\/www.metroplast.com.tr\/wp-content\/uploads\/2014\/12\/LDPE-film-roll-hurda.jpg\" alt=\"LDPE Film Roll Hurda\"\/><\/a><\/div><\/div><\/div><div class=\"swiper-slide\"><div class=\"fusion-carousel-item-wrapper\"><div class=\"fusion-image-wrapper hover-type-none\"><a data-rel=\"iLightbox[image_carousel_1]\" href=\"http:\/\/www.metroplast.com.tr\/wp-content\/uploads\/2014\/12\/LDPE-film-roll-hurda2.jpg\" target=\"_self\"><img decoding=\"async\" src=\"http:\/\/www.metroplast.com.tr\/wp-content\/uploads\/2014\/12\/LDPE-film-roll-hurda2.jpg\" alt=\"LDPE Film Roll Hurda\"\/><\/a><\/div><\/div><\/div><div class=\"swiper-slide\"><div class=\"fusion-carousel-item-wrapper\"><div class=\"fusion-image-wrapper hover-type-none\"><a data-rel=\"iLightbox[image_carousel_1]\" href=\"http:\/\/www.metroplast.com.tr\/wp-content\/uploads\/2014\/12\/LDPE-film-roll-hurda3.jpg\" target=\"_self\"><img decoding=\"async\" src=\"http:\/\/www.metroplast.com.tr\/wp-content\/uploads\/2014\/12\/LDPE-film-roll-hurda3.jpg\" alt=\"LDPE Film Roll Hurda\"\/><\/a><\/div><\/div><\/div><div class=\"swiper-slide\"><div class=\"fusion-carousel-item-wrapper\"><div class=\"fusion-image-wrapper hover-type-none\"><a data-rel=\"iLightbox[image_carousel_1]\" href=\"http:\/\/www.metroplast.com.tr\/wp-content\/uploads\/2014\/12\/LDPE-film-roll-hurda4.jpg\" target=\"_self\"><img decoding=\"async\" src=\"http:\/\/www.metroplast.com.tr\/wp-content\/uploads\/2014\/12\/LDPE-film-roll-hurda4.jpg\" alt=\"LDPE Film Roll Hurda\"\/><\/a><\/div><\/div><\/div><div class=\"swiper-slide\"><div class=\"fusion-carousel-item-wrapper\"><div class=\"fusion-image-wrapper hover-type-none\"><a data-rel=\"iLightbox[image_carousel_1]\" href=\"http:\/\/www.metroplast.com.tr\/wp-content\/uploads\/2014\/12\/ldpe-hurda.jpg\" target=\"_self\"><img decoding=\"async\" src=\"http:\/\/www.metroplast.com.tr\/wp-content\/uploads\/2014\/12\/ldpe-hurda.jpg\" alt=\"LDPE Hurda\"\/><\/a><\/div><\/div><\/div><div class=\"swiper-slide\"><div class=\"fusion-carousel-item-wrapper\"><div class=\"fusion-image-wrapper hover-type-none\"><a data-rel=\"iLightbox[image_carousel_1]\" href=\"http:\/\/www.metroplast.com.tr\/wp-content\/uploads\/2014\/12\/ldpe-hurda2.jpg\" target=\"_self\"><img decoding=\"async\" src=\"http:\/\/www.metroplast.com.tr\/wp-content\/uploads\/2014\/12\/ldpe-hurda2.jpg\" alt=\"LDPE Hurda\"\/><\/a><\/div><\/div><\/div><div class=\"swiper-slide\"><div class=\"fusion-carousel-item-wrapper\"><div class=\"fusion-image-wrapper hover-type-none\"><a data-rel=\"iLightbox[image_carousel_1]\" href=\"http:\/\/www.metroplast.com.tr\/wp-content\/uploads\/2014\/12\/ldpe-hurda-takoz.jpg\" target=\"_self\"><img decoding=\"async\" src=\"http:\/\/www.metroplast.com.tr\/wp-content\/uploads\/2014\/12\/ldpe-hurda-takoz.jpg\" alt=\"LDPE Hurda Takoz\"\/><\/a><\/div><\/div><\/div><div class=\"swiper-slide\"><div class=\"fusion-carousel-item-wrapper\"><div class=\"fusion-image-wrapper hover-type-none\"><a data-rel=\"iLightbox[image_carousel_1]\" href=\"http:\/\/www.metroplast.com.tr\/wp-content\/uploads\/2014\/12\/ldpe-hurda5.jpg\" target=\"_self\"><img decoding=\"async\" src=\"http:\/\/www.metroplast.com.tr\/wp-content\/uploads\/2014\/12\/ldpe-hurda5.jpg\" alt=\"LDPE Hurda\"\/><\/a><\/div><\/div><\/div><div class=\"swiper-slide\"><div class=\"fusion-carousel-item-wrapper\"><div class=\"fusion-image-wrapper hover-type-none\"><a data-rel=\"iLightbox[image_carousel_1]\" href=\"http:\/\/www.metroplast.com.tr\/wp-content\/uploads\/2014\/12\/ldpe-hurda4.jpg\" target=\"_self\"><img decoding=\"async\" src=\"http:\/\/www.metroplast.com.tr\/wp-content\/uploads\/2014\/12\/ldpe-hurda4.jpg\" alt=\"LDPE Hurda\"\/><\/a><\/div><\/div><\/div><div class=\"swiper-slide\"><div class=\"fusion-carousel-item-wrapper\"><div class=\"fusion-image-wrapper hover-type-none\"><a data-rel=\"iLightbox[image_carousel_1]\" href=\"http:\/\/www.metroplast.com.tr\/wp-content\/uploads\/2014\/12\/ldpe-hurda3.jpg\" target=\"_self\"><img decoding=\"async\" src=\"http:\/\/www.metroplast.com.tr\/wp-content\/uploads\/2014\/12\/ldpe-hurda3.jpg\" alt=\"LDPE Hurda\"\/><\/a><\/div><\/div><\/div><div class=\"swiper-slide\"><div class=\"fusion-carousel-item-wrapper\"><div class=\"fusion-image-wrapper hover-type-none\"><a data-rel=\"iLightbox[image_carousel_1]\" href=\"http:\/\/www.metroplast.com.tr\/wp-content\/uploads\/2014\/12\/geri-donusum-ldpe-granur3.jpg\" target=\"_self\"><img decoding=\"async\" src=\"http:\/\/www.metroplast.com.tr\/wp-content\/uploads\/2014\/12\/geri-donusum-ldpe-granur3.jpg\" alt=\"Geri D\u00f6n\u00fc\u015f\u00fcm LDPE Gran\u00fcr\"\/><\/a><\/div><\/div><\/div><div class=\"swiper-slide\"><div class=\"fusion-carousel-item-wrapper\"><div class=\"fusion-image-wrapper hover-type-none\"><a data-rel=\"iLightbox[image_carousel_1]\" href=\"http:\/\/www.metroplast.com.tr\/wp-content\/uploads\/2014\/12\/geri-donusum-ldpe-granur2.jpg\" target=\"_self\"><img decoding=\"async\" src=\"http:\/\/www.metroplast.com.tr\/wp-content\/uploads\/2014\/12\/geri-donusum-ldpe-granur2.jpg\" alt=\"Geri D\u00f6n\u00fc\u015f\u00fcm LDPE Gran\u00fcr\"\/><\/a><\/div><\/div><\/div><div class=\"swiper-slide\"><div class=\"fusion-carousel-item-wrapper\"><div class=\"fusion-image-wrapper hover-type-none\"><a data-rel=\"iLightbox[image_carousel_1]\" href=\"http:\/\/www.metroplast.com.tr\/wp-content\/uploads\/2014\/12\/geri-donusum-ldpe-granur4.jpg\" target=\"_self\"><img decoding=\"async\" src=\"http:\/\/www.metroplast.com.tr\/wp-content\/uploads\/2014\/12\/geri-donusum-ldpe-granur4.jpg\" alt=\"Geri D\u00f6n\u00fc\u015f\u00fcm LDPE Gran\u00fcr\"\/><\/a><\/div><\/div><\/div><div class=\"swiper-slide\"><div class=\"fusion-carousel-item-wrapper\"><div class=\"fusion-image-wrapper hover-type-none\"><a data-rel=\"iLightbox[image_carousel_1]\" href=\"http:\/\/www.metroplast.com.tr\/wp-content\/uploads\/2014\/12\/plastik_hammadde.jpg\" target=\"_self\"><img decoding=\"async\" src=\"http:\/\/www.metroplast.com.tr\/wp-content\/uploads\/2014\/12\/plastik_hammadde.jpg\" alt=\"LDPE Gran\u00fcr\"\/><\/a><\/div><\/div><\/div><\/div><div class=\"awb-swiper-button awb-swiper-button-prev\"><i class=\"awb-icon-angle-left\" aria-hidden=\"true\"><\/i><\/div><div class=\"awb-swiper-button awb-swiper-button-next\"><i class=\"awb-icon-angle-right\" aria-hidden=\"true\"><\/i><\/div><\/div><\/div><\/div><\/div><\/div><\/div><div class=\"fusion-fullwidth fullwidth-box fusion-builder-row-4 fusion-flex-container nonhundred-percent-fullwidth non-hundred-percent-height-scrolling\" style=\"--awb-background-position:left top;--awb-border-radius-top-left:0px;--awb-border-radius-top-right:0px;--awb-border-radius-bottom-right:0px;--awb-border-radius-bottom-left:0px;--awb-padding-top:20px;--awb-padding-right:0px;--awb-padding-bottom:20px;--awb-padding-left:0px;--awb-background-color:#dd3333;--awb-border-sizes-top:0px;--awb-border-sizes-bottom:0px;--awb-flex-wrap:wrap;\" ><div class=\"fusion-builder-row fusion-row fusion-flex-align-items-flex-start fusion-flex-content-wrap\" style=\"max-width:calc( 1100px + 0px );margin-left: calc(-0px \/ 2 );margin-right: calc(-0px \/ 2 );\"><div class=\"fusion-layout-column fusion_builder_column fusion-builder-column-3 fusion_builder_column_2_3 2_3 fusion-flex-column\" style=\"--awb-bg-size:cover;--awb-width-large:66.666666666667%;--awb-margin-top-large:0px;--awb-spacing-right-large:0px;--awb-margin-bottom-large:20px;--awb-spacing-left-large:0px;--awb-width-medium:66.666666666667%;--awb-spacing-right-medium:0px;--awb-spacing-left-medium:0px;--awb-width-small:100%;--awb-spacing-right-small:0px;--awb-spacing-left-small:0px;\"><div class=\"fusion-column-wrapper fusion-flex-justify-content-flex-start fusion-content-layout-column\"><div class=\"fusion-text fusion-text-2\"><h2><span style=\"color: #ffffff;\"><strong>Hammadde <\/strong>i\u00e7in hemen sipari\u015f verebilirsiniz.<\/span><\/h2>\n<\/div><\/div><\/div><div class=\"fusion-layout-column fusion_builder_column fusion-builder-column-4 fusion_builder_column_1_3 1_3 fusion-flex-column\" style=\"--awb-bg-size:cover;--awb-width-large:33.333333333333%;--awb-margin-top-large:0px;--awb-spacing-right-large:0px;--awb-margin-bottom-large:20px;--awb-spacing-left-large:0px;--awb-width-medium:33.333333333333%;--awb-spacing-right-medium:0px;--awb-spacing-left-medium:0px;--awb-width-small:100%;--awb-spacing-right-small:0px;--awb-spacing-left-small:0px;\"><div class=\"fusion-column-wrapper fusion-flex-justify-content-flex-start fusion-content-layout-column\"><div style=\"text-align:center;\"><a class=\"fusion-button button-flat button-large button-custom fusion-button-default button-1 fusion-button-default-span fusion-button-default-type fusion-animated\" style=\"--button_accent_color:#dd3333;--button_accent_hover_color:#ecf0f1;--button_border_hover_color:#ecf0f1;--button_border_width-top:1px;--button_border_width-right:1px;--button_border_width-bottom:1px;--button_border_width-left:1px;--button_gradient_top_color:#ecf0f1;--button_gradient_bottom_color:#ecf0f1;--button_gradient_top_color_hover:#e74c3c;--button_gradient_bottom_color_hover:#e74c3c;\" data-animationType=\"shake\" data-animationDuration=\"1\" data-animationOffset=\"top-into-view\" target=\"_self\" title=\"Sipari\u015f Verin\" aria-label=\"Sipari\u015f Verin\" href=\"\/?page_id=650\"><i class=\" fa fa-check awb-button__icon awb-button__icon--default button-icon-left\" aria-hidden=\"true\"><\/i><span class=\"fusion-button-text awb-button__text awb-button__text--default\">Sipari\u015f Verin<\/span><\/a><\/div><\/div><\/div><\/div><\/div><div class=\"fusion-fullwidth fullwidth-box fusion-builder-row-5 fusion-flex-container hundred-percent-fullwidth non-hundred-percent-height-scrolling\" style=\"--awb-border-radius-top-left:0px;--awb-border-radius-top-right:0px;--awb-border-radius-bottom-right:0px;--awb-border-radius-bottom-left:0px;--awb-overflow:visible;--awb-flex-wrap:wrap;\" ><div class=\"fusion-builder-row fusion-row fusion-flex-align-items-flex-start fusion-flex-content-wrap\" style=\"width:calc( 100% + 0px ) !important;max-width:calc( 100% + 0px ) !important;margin-left: calc(-0px \/ 2 );margin-right: calc(-0px \/ 2 );\"><div class=\"fusion-layout-column fusion_builder_column fusion-builder-column-5 fusion_builder_column_1_1 1_1 fusion-flex-column fusion-flex-align-self-flex-start fusion-column-no-min-height\" style=\"--awb-bg-size:cover;--awb-width-large:100%;--awb-margin-top-large:0px;--awb-spacing-right-large:0px;--awb-margin-bottom-large:0px;--awb-spacing-left-large:0px;--awb-width-medium:100%;--awb-spacing-right-medium:0px;--awb-spacing-left-medium:0px;--awb-width-small:100%;--awb-spacing-right-small:0px;--awb-spacing-left-small:0px;\"><div class=\"fusion-column-wrapper fusion-flex-justify-content-flex-start fusion-content-layout-column\"><div class=\"fusion-section-separator section-separator triangle fusion-section-separator-2\" style=\"--awb-border-top:1px solid #f6f6f6;--awb-spacer-height:1px;--awb-svg-margin-left:0px;--awb-svg-margin-right:0px;--awb-svg-margin-left-medium:0px;--awb-svg-margin-right-medium:0px;--awb-svg-margin-left-small:0px;--awb-svg-margin-right-small:0px;--awb-icon-color:#1e73be;\"><div class=\"fusion-section-separator-svg\"><div class=\"section-separator-icon icon fa fa-thumbs-up\" aria-hidden=\"true\"><\/div><div class=\"divider-candy-arrow top\" style=\"bottom:0px;border-bottom-color: #f6f6f6;\"><\/div><div class=\"divider-candy top\" style=\"top:-21px;border-bottom:1px solid #f6f6f6;border-left:1px solid #f6f6f6;\"><\/div><\/div><div class=\"fusion-section-separator-spacer\"><div class=\"fusion-section-separator-spacer-height\"><\/div><\/div><\/div><\/div><\/div><\/div><\/div><\/p>\n","protected":false},"excerpt":{"rendered":"","protected":false},"author":1,"featured_media":0,"parent":0,"menu_order":0,"comment_status":"open","ping_status":"open","template":"100-width.php","meta":{"_bbp_topic_count":0,"_bbp_reply_count":0,"_bbp_total_topic_count":0,"_bbp_total_reply_count":0,"_bbp_voice_count":0,"_bbp_anonymous_reply_count":0,"_bbp_topic_count_hidden":0,"_bbp_reply_count_hidden":0,"_bbp_forum_subforum_count":0,"footnotes":""},"class_list":["post-2400","page","type-page","status-publish","hentry"],"_links":{"self":[{"href":"https:\/\/www.metroplast.com.tr\/en\/wp-json\/wp\/v2\/pages\/2400\/"}],"collection":[{"href":"https:\/\/www.metroplast.com.tr\/en\/wp-json\/wp\/v2\/pages\/"}],"about":[{"href":"https:\/\/www.metroplast.com.tr\/en\/wp-json\/wp\/v2\/types\/page\/"}],"author":[{"embeddable":true,"href":"https:\/\/www.metroplast.com.tr\/en\/wp-json\/wp\/v2\/users\/1\/"}],"replies":[{"embeddable":true,"href":"https:\/\/www.metroplast.com.tr\/en\/wp-json\/wp\/v2\/comments\/?post=2400"}],"version-history":[{"count":4,"href":"https:\/\/www.metroplast.com.tr\/en\/wp-json\/wp\/v2\/pages\/2400\/revisions\/"}],"predecessor-version":[{"id":2457,"href":"https:\/\/www.metroplast.com.tr\/en\/wp-json\/wp\/v2\/pages\/2400\/revisions\/2457\/"}],"wp:attachment":[{"href":"https:\/\/www.metroplast.com.tr\/en\/wp-json\/wp\/v2\/media\/?parent=2400"}],"curies":[{"name":"wp","href":"https:\/\/api.w.org\/{rel}","templated":true}]}}