{"id":2593,"date":"2018-01-23T14:51:39","date_gmt":"2018-01-23T14:51:39","guid":{"rendered":"http:\/\/www.metroplast.com.tr\/products\/pe-bags\/pe-film-in-a-bag\/"},"modified":"2018-10-30T15:47:41","modified_gmt":"2018-10-30T15:47:41","slug":"pe-film-in-a-bag","status":"publish","type":"page","link":"https:\/\/www.metroplast.com.tr\/en\/products\/pe-bags\/pe-film-in-a-bag\/","title":{"rendered":"PE Film in A Bag"},"content":{"rendered":"<p><div class=\"fusion-fullwidth fullwidth-box fusion-builder-row-1 fusion-flex-container nonhundred-percent-fullwidth non-hundred-percent-height-scrolling\" style=\"--awb-background-position:left top;--awb-border-radius-top-left:0px;--awb-border-radius-top-right:0px;--awb-border-radius-bottom-right:0px;--awb-border-radius-bottom-left:0px;--awb-padding-top:20px;--awb-padding-right:0px;--awb-padding-bottom:20px;--awb-padding-left:0px;--awb-border-sizes-top:0px;--awb-border-sizes-bottom:0px;--awb-flex-wrap:wrap;\" ><div class=\"fusion-builder-row fusion-row fusion-flex-align-items-flex-start fusion-flex-content-wrap\" style=\"max-width:1144px;margin-left: calc(-4% \/ 2 );margin-right: calc(-4% \/ 2 );\"><div class=\"fusion-layout-column fusion_builder_column fusion-builder-column-0 fusion_builder_column_1_1 1_1 fusion-flex-column fusion-flex-align-self-flex-start fusion-column-no-min-height\" style=\"--awb-bg-size:cover;--awb-width-large:100%;--awb-margin-top-large:0px;--awb-spacing-right-large:1.92%;--awb-margin-bottom-large:0px;--awb-spacing-left-large:1.92%;--awb-width-medium:100%;--awb-spacing-right-medium:1.92%;--awb-spacing-left-medium:1.92%;--awb-width-small:100%;--awb-spacing-right-small:1.92%;--awb-spacing-left-small:1.92%;\"><div class=\"fusion-column-wrapper fusion-flex-justify-content-flex-start fusion-content-layout-column\"><div class=\"fusion-title title fusion-title-1 sep-underline sep-solid fusion-title-text fusion-title-size-two\"><h2 class=\"fusion-title-heading title-heading-left\" style=\"margin:0;\">P.E INLINER BAG FILM<\/h2><\/div><\/div><\/div><div class=\"fusion-layout-column fusion_builder_column fusion-builder-column-1 fusion_builder_column_1_2 1_2 fusion-flex-column\" style=\"--awb-bg-size:cover;--awb-width-large:50%;--awb-margin-top-large:0px;--awb-spacing-right-large:3.84%;--awb-margin-bottom-large:20px;--awb-spacing-left-large:3.84%;--awb-width-medium:50%;--awb-spacing-right-medium:3.84%;--awb-spacing-left-medium:3.84%;--awb-width-small:100%;--awb-spacing-right-small:1.92%;--awb-spacing-left-small:1.92%;\"><div class=\"fusion-column-wrapper fusion-flex-justify-content-flex-start fusion-content-layout-column\"><div class=\"fusion-text fusion-text-1\"><p>In stardart sizes Pe inliner bag film can be produced in different options such as ; bendy inliner bag, k\u00f6r\u00fcks\u00fcz \u00e7uval i\u00e7i naylonu, thin (grey) inliner bag and thick (black) inliner bag.<\/p>\n<\/div><\/div><\/div><div class=\"fusion-layout-column fusion_builder_column fusion-builder-column-2 fusion_builder_column_1_2 1_2 fusion-flex-column\" style=\"--awb-bg-size:cover;--awb-width-large:50%;--awb-margin-top-large:0px;--awb-spacing-right-large:3.84%;--awb-margin-bottom-large:20px;--awb-spacing-left-large:3.84%;--awb-width-medium:50%;--awb-spacing-right-medium:3.84%;--awb-spacing-left-medium:3.84%;--awb-width-small:100%;--awb-spacing-right-small:1.92%;--awb-spacing-left-small:1.92%;\"><div class=\"fusion-column-wrapper fusion-flex-justify-content-flex-start fusion-content-layout-column\"><div style=\"text-align:center;\"><a class=\"fusion-button button-flat button-large button-custom fusion-button-default button-1 fusion-button-default-span fusion-button-default-type fusion-animated\" style=\"--button_accent_color:#dd3333;--button_accent_hover_color:#ecf0f1;--button_border_hover_color:#ecf0f1;--button_border_width-top:1px;--button_border_width-right:1px;--button_border_width-bottom:1px;--button_border_width-left:1px;--button_gradient_top_color:#ecf0f1;--button_gradient_bottom_color:#ecf0f1;--button_gradient_top_color_hover:#e74c3c;--button_gradient_bottom_color_hover:#e74c3c;\" data-animationType=\"shake\" data-animationDuration=\"1.0\" data-animationOffset=\"top-into-view\" target=\"_self\" title=\"ORDER INLINER BAG FILM\" aria-label=\"ORDER INLINER BAG FILM\" href=\"\/?page_id=650\"><i class=\"fa-check fas awb-button__icon awb-button__icon--default button-icon-left\" aria-hidden=\"true\"><\/i><span class=\"fusion-button-text awb-button__text awb-button__text--default\">ORDER INLINER BAG FILM<\/span><\/a><\/div><\/div><\/div><\/div><\/div><div class=\"fusion-fullwidth fullwidth-box fusion-builder-row-2 fusion-flex-container nonhundred-percent-fullwidth non-hundred-percent-height-scrolling\" style=\"--awb-background-position:left top;--awb-border-radius-top-left:0px;--awb-border-radius-top-right:0px;--awb-border-radius-bottom-right:0px;--awb-border-radius-bottom-left:0px;--awb-padding-top:20px;--awb-padding-right:0px;--awb-padding-bottom:20px;--awb-padding-left:0px;--awb-border-sizes-top:0px;--awb-border-sizes-bottom:0px;--awb-flex-wrap:wrap;\" ><div class=\"fusion-builder-row fusion-row fusion-flex-align-items-flex-start fusion-flex-content-wrap\" style=\"max-width:1144px;margin-left: calc(-4% \/ 2 );margin-right: calc(-4% \/ 2 );\"><div class=\"fusion-layout-column fusion_builder_column fusion-builder-column-3 fusion_builder_column_1_2 1_2 fusion-flex-column\" style=\"--awb-bg-size:cover;--awb-width-large:50%;--awb-margin-top-large:0px;--awb-spacing-right-large:3.84%;--awb-margin-bottom-large:20px;--awb-spacing-left-large:3.84%;--awb-width-medium:50%;--awb-spacing-right-medium:3.84%;--awb-spacing-left-medium:3.84%;--awb-width-small:100%;--awb-spacing-right-small:1.92%;--awb-spacing-left-small:1.92%;\"><div class=\"fusion-column-wrapper fusion-flex-justify-content-flex-start fusion-content-layout-column\"><div class=\"fusion-title title fusion-title-2 sep-underline sep-solid fusion-title-text fusion-title-size-two\"><h2 class=\"fusion-title-heading title-heading-left\" style=\"margin:0;\">Inliner Bag Film Production<\/h2><\/div><div class=\"fusion-image-element \" style=\"--awb-caption-title-font-family:var(--h2_typography-font-family);--awb-caption-title-font-weight:var(--h2_typography-font-weight);--awb-caption-title-font-style:var(--h2_typography-font-style);--awb-caption-title-size:var(--h2_typography-font-size);--awb-caption-title-transform:var(--h2_typography-text-transform);--awb-caption-title-line-height:var(--h2_typography-line-height);--awb-caption-title-letter-spacing:var(--h2_typography-letter-spacing);\"><span class=\" fusion-imageframe imageframe-none imageframe-1 hover-type-none\"><a href=\"http:\/\/www.metroplast.com.tr\/wp-content\/uploads\/2014\/12\/cuval-ici-naylonu.jpg\" class=\"fusion-lightbox\" data-rel=\"iLightbox[ab0d5822c04f24b2dd0]\"><img decoding=\"async\" src=\"http:\/\/www.metroplast.com.tr\/wp-content\/uploads\/2014\/12\/cuval-ici-naylonu.jpg\" alt class=\"img-responsive\"\/><\/a><\/span><\/div><\/div><\/div><div class=\"fusion-layout-column fusion_builder_column fusion-builder-column-4 fusion_builder_column_1_2 1_2 fusion-flex-column\" style=\"--awb-bg-size:cover;--awb-width-large:50%;--awb-margin-top-large:0px;--awb-spacing-right-large:3.84%;--awb-margin-bottom-large:20px;--awb-spacing-left-large:3.84%;--awb-width-medium:50%;--awb-spacing-right-medium:3.84%;--awb-spacing-left-medium:3.84%;--awb-width-small:100%;--awb-spacing-right-small:1.92%;--awb-spacing-left-small:1.92%;\"><div class=\"fusion-column-wrapper fusion-flex-justify-content-flex-start fusion-content-layout-column\"><div class=\"fusion-title title fusion-title-3 sep-underline sep-solid fusion-title-text fusion-title-size-two\"><h2 class=\"fusion-title-heading title-heading-left\" style=\"margin:0;\">Inliner Bag Film Measures<\/h2><\/div><div class=\"fusion-text fusion-text-2\"><div class=\"table-1\">\n<table width=\"100%\">\n<thead>\n<tr>\n<th align=\"left\">Product<\/th>\n<th align=\"left\">Size<\/th>\n<\/tr>\n<\/thead>\n<tbody>\n<tr>\n<td>Inliner Bag Film<\/td>\n<td>90*130 cm(k\u00f6r\u00fcks\u00fcz)<\/td>\n<\/tr>\n<tr>\n<td>Inliner Bag Film<\/td>\n<td>100*150 cm(k\u00f6r\u00fcks\u00fcz)<\/td>\n<\/tr>\n<tr>\n<td>Inliner Bag Film<\/td>\n<td>100*10+10*150 cm<\/td>\n<\/tr>\n<tr>\n<td>Inliner Bag Film<\/td>\n<td>100+10+10*170 cm<\/td>\n<\/tr>\n<tr>\n<td>Inliner Bag Film<\/td>\n<td>100+17,5+17,5*150 cm<\/td>\n<\/tr>\n<tr>\n<td>Inliner Bag Film<\/td>\n<td>100+17,5+17,5*170 cm<\/td>\n<\/tr>\n<tr>\n<td>Inliner Bag Film<\/td>\n<td>100+25+25*150 cm<\/td>\n<\/tr>\n<tr>\n<td>Inliner Bag Film<\/td>\n<td>100+25+25*170 cm<\/td>\n<\/tr>\n<\/tbody>\n<\/table>\n<\/div>\n<\/div><\/div><\/div><\/div><\/div><\/p>\n","protected":false},"excerpt":{"rendered":"","protected":false},"author":1,"featured_media":0,"parent":2580,"menu_order":0,"comment_status":"open","ping_status":"open","template":"","meta":{"_bbp_topic_count":0,"_bbp_reply_count":0,"_bbp_total_topic_count":0,"_bbp_total_reply_count":0,"_bbp_voice_count":0,"_bbp_anonymous_reply_count":0,"_bbp_topic_count_hidden":0,"_bbp_reply_count_hidden":0,"_bbp_forum_subforum_count":0,"footnotes":""},"class_list":["post-2593","page","type-page","status-publish","hentry"],"_links":{"self":[{"href":"https:\/\/www.metroplast.com.tr\/en\/wp-json\/wp\/v2\/pages\/2593\/"}],"collection":[{"href":"https:\/\/www.metroplast.com.tr\/en\/wp-json\/wp\/v2\/pages\/"}],"about":[{"href":"https:\/\/www.metroplast.com.tr\/en\/wp-json\/wp\/v2\/types\/page\/"}],"author":[{"embeddable":true,"href":"https:\/\/www.metroplast.com.tr\/en\/wp-json\/wp\/v2\/users\/1\/"}],"replies":[{"embeddable":true,"href":"https:\/\/www.metroplast.com.tr\/en\/wp-json\/wp\/v2\/comments\/?post=2593"}],"version-history":[{"count":3,"href":"https:\/\/www.metroplast.com.tr\/en\/wp-json\/wp\/v2\/pages\/2593\/revisions\/"}],"predecessor-version":[{"id":2762,"href":"https:\/\/www.metroplast.com.tr\/en\/wp-json\/wp\/v2\/pages\/2593\/revisions\/2762\/"}],"up":[{"embeddable":true,"href":"https:\/\/www.metroplast.com.tr\/en\/wp-json\/wp\/v2\/pages\/2580\/"}],"wp:attachment":[{"href":"https:\/\/www.metroplast.com.tr\/en\/wp-json\/wp\/v2\/media\/?parent=2593"}],"curies":[{"name":"wp","href":"https:\/\/api.w.org\/{rel}","templated":true}]}}